{"id":20511,"date":"2024-06-12T16:50:52","date_gmt":"2024-06-12T14:50:52","guid":{"rendered":"https:\/\/ktl.ingatlan.hu\/uber-mich\/"},"modified":"2024-10-12T22:46:18","modified_gmt":"2024-10-12T20:46:18","slug":"uber-mich","status":"publish","type":"page","link":"https:\/\/ktl.ingatlan.hu\/de\/uber-mich\/","title":{"rendered":"\u00dcber mich"},"content":{"rendered":"\t\t<div data-elementor-type=\"wp-page\" data-elementor-id=\"20511\" class=\"elementor elementor-20511 elementor-17991\" data-elementor-post-type=\"page\">\n\t\t\t\t\t\t<section class=\"elementor-section elementor-top-section elementor-element elementor-element-0723637 elementor-section-boxed elementor-section-height-default elementor-section-height-default\" data-id=\"0723637\" data-element_type=\"section\" data-e-type=\"section\" data-settings=\"{&quot;background_background&quot;:&quot;classic&quot;}\">\n\t\t\t\t\t\t<div class=\"elementor-container elementor-column-gap-default\">\n\t\t\t\t\t<div class=\"elementor-column elementor-col-100 elementor-top-column elementor-element elementor-element-22a8475\" data-id=\"22a8475\" data-element_type=\"column\" data-e-type=\"column\" data-settings=\"{&quot;background_background&quot;:&quot;classic&quot;}\">\n\t\t\t<div class=\"elementor-widget-wrap elementor-element-populated\">\n\t\t\t\t\t\t<div class=\"elementor-element elementor-element-3aebf3f elementor-widget elementor-widget-spacer\" data-id=\"3aebf3f\" data-element_type=\"widget\" data-e-type=\"widget\" data-widget_type=\"spacer.default\">\n\t\t\t\t<div class=\"elementor-widget-container\">\n\t\t\t\t\t\t\t<div class=\"elementor-spacer\">\n\t\t\t<div class=\"elementor-spacer-inner\"><\/div>\n\t\t<\/div>\n\t\t\t\t\t\t<\/div>\n\t\t\t\t<\/div>\n\t\t\t\t\t<\/div>\n\t\t<\/div>\n\t\t\t\t\t<\/div>\n\t\t<\/section>\n\t\t\t\t<section class=\"elementor-section elementor-top-section elementor-element elementor-element-809d538 elementor-section-content-middle elementor-section-stretched elementor-section-full_width elementor-section-height-default elementor-section-height-default\" data-id=\"809d538\" data-element_type=\"section\" data-e-type=\"section\" data-settings=\"{&quot;stretch_section&quot;:&quot;section-stretched&quot;}\">\n\t\t\t\t\t\t\t<div class=\"elementor-background-overlay\"><\/div>\n\t\t\t\t\t\t\t<div class=\"elementor-container elementor-column-gap-wide\">\n\t\t\t\t\t<div class=\"elementor-column elementor-col-50 elementor-top-column elementor-element elementor-element-74dc23b\" data-id=\"74dc23b\" data-element_type=\"column\" data-e-type=\"column\" data-settings=\"{&quot;background_background&quot;:&quot;classic&quot;}\">\n\t\t\t<div class=\"elementor-widget-wrap elementor-element-populated\">\n\t\t\t\t\t\t<div class=\"elementor-element elementor-element-2633c5a elementor-widget__width-initial elementor-widget elementor-widget-image\" data-id=\"2633c5a\" data-element_type=\"widget\" data-e-type=\"widget\" data-widget_type=\"image.default\">\n\t\t\t\t<div class=\"elementor-widget-container\">\n\t\t\t\t\t\t\t\t\t\t\t\t\t\t\t<img fetchpriority=\"high\" decoding=\"async\" width=\"1024\" height=\"1024\" src=\"https:\/\/ktl.ingatlan.hu\/wp-content\/uploads\/2024\/07\/Kiss-Tamas-Laszlo_ff840565-1024x1024.jpg\" class=\"attachment-large size-large wp-image-19929\" alt=\"\" srcset=\"https:\/\/ktl.ingatlan.hu\/wp-content\/uploads\/2024\/07\/Kiss-Tamas-Laszlo_ff840565-1024x1024.jpg 1024w, https:\/\/ktl.ingatlan.hu\/wp-content\/uploads\/2024\/07\/Kiss-Tamas-Laszlo_ff840565-300x300.jpg 300w, https:\/\/ktl.ingatlan.hu\/wp-content\/uploads\/2024\/07\/Kiss-Tamas-Laszlo_ff840565-150x150.jpg 150w, https:\/\/ktl.ingatlan.hu\/wp-content\/uploads\/2024\/07\/Kiss-Tamas-Laszlo_ff840565-768x768.jpg 768w, https:\/\/ktl.ingatlan.hu\/wp-content\/uploads\/2024\/07\/Kiss-Tamas-Laszlo_ff840565-1536x1536.jpg 1536w, https:\/\/ktl.ingatlan.hu\/wp-content\/uploads\/2024\/07\/Kiss-Tamas-Laszlo_ff840565-2048x2048.jpg 2048w, https:\/\/ktl.ingatlan.hu\/wp-content\/uploads\/2024\/07\/Kiss-Tamas-Laszlo_ff840565-780x780.jpg 780w, https:\/\/ktl.ingatlan.hu\/wp-content\/uploads\/2024\/07\/Kiss-Tamas-Laszlo_ff840565-600x600.jpg 600w, https:\/\/ktl.ingatlan.hu\/wp-content\/uploads\/2024\/07\/Kiss-Tamas-Laszlo_ff840565-496x496.jpg 496w\" sizes=\"(max-width: 1024px) 100vw, 1024px\" \/>\t\t\t\t\t\t\t\t\t\t\t\t\t\t\t<\/div>\n\t\t\t\t<\/div>\n\t\t\t\t\t<\/div>\n\t\t<\/div>\n\t\t\t\t<div class=\"elementor-column elementor-col-50 elementor-top-column elementor-element elementor-element-f3d0db4\" data-id=\"f3d0db4\" data-element_type=\"column\" data-e-type=\"column\">\n\t\t\t<div class=\"elementor-widget-wrap elementor-element-populated\">\n\t\t\t\t\t\t<div class=\"elementor-element elementor-element-ca087e3 elementor-widget elementor-widget-heading\" data-id=\"ca087e3\" data-element_type=\"widget\" data-e-type=\"widget\" data-widget_type=\"heading.default\">\n\t\t\t\t<div class=\"elementor-widget-container\">\n\t\t\t\t\t<h2 class=\"elementor-heading-title elementor-size-default\">Sehr geehrte bestehende Kundinnen\/Kunden und Interessenten,<\/h2>\t\t\t\t<\/div>\n\t\t\t\t<\/div>\n\t\t\t\t<div class=\"elementor-element elementor-element-7882c08 elementor-widget elementor-widget-text-editor\" data-id=\"7882c08\" data-element_type=\"widget\" data-e-type=\"widget\" data-widget_type=\"text-editor.default\">\n\t\t\t\t<div class=\"elementor-widget-container\">\n\t\t\t\t\t\t\t\t\t<p>Ich bin L\u00e1szl\u00f3 Tam\u00e1s Kiss, der Gr\u00fcnder von KTL Real Estate. Ich arbeite als Immobilienmakler im Komitat Csongr\u00e1d-Csan\u00e1d und in Budapest, aber nach individueller Absprache \u00fcbernehme ich den professionellen Verkauf von Immobilien auch an anderen Orten.<\/p><p>Ich habe meine Karriere im Jahr 2021 begonnen. In der Anfangszeit habe ich f\u00fcr ein nationales Netzwerk gearbeitet, wo ich die M\u00f6glichkeit hatte, mit vielen Kunden und Immobilien in Kontakt zu kommen. Nach einem tieferen Verst\u00e4ndnis f\u00fcr die Bed\u00fcrfnisse meiner Kunden wurde mir klar, dass ich ihre Ziele und meine eigenen Ambitionen nur erreichen kann, wenn ich meine Dienstleistungen auf eine pers\u00f6nliche Art und Weise anbieten kann, die auf die Situation und auf die Immobilie zugeschnitten ist. Dies erforderte aber eine neue Betrachtungsweise und einen Richtungswechsel, die mir schlie\u00dflich im Mai 2024 gelungen ist: ab Mai 2024 kann ich meine Dienstleistungen als unabh\u00e4ngiger Immobilienmakler anbieten und die Interessen meiner Kunden bestm\u00f6glich vertreten.<\/p><p>Vielleicht Klischee, aber das wertvollste Gut meiner Kunden ist ihre Immobilie, deshalb muss man das Maximum daraus herausholen. <br \/>Was bedeutet das? F\u00fcr mich bedeutet es, die Immobilie im bestm\u00f6glichen Zustand zu einem realistischen Preis so schnell wie m\u00f6glich zu verkaufen. Dies liegt auch im gemeinsamen Interesse, da sich diese Merkmale gegenseitig verst\u00e4rken und den Verkauf f\u00f6rdern.<\/p><p>Ich mache keinen Hehl aus meinen Ansicht, dass ich die negativen Stereotypen \u00fcber Immobilienmakler \u00e4ndern m\u00f6chte. Zu diesem Zweck verpflichte ich mich, neue Eigent\u00fcmer f\u00fcr Immobilien auf der Grundlage eines kundenorientierten Maklervertrags gegen eine realistische Provision (ohne versteckte Kosten) zu finden. Ich begleite den Verkauf vom Beginn bis zum Schluss, von den ersten Verhandlungen bis zur \u00dcbergabe, einschlie\u00dflich eines regelm\u00e4\u00dfigen Kontakts mit dem Kunden.<\/p><p>Die Wahrheit ist, dass jemand, der nicht von Zeit zu Zeit innovativ ist und seine Dienstleistungen nicht verbessert, ins Hintertreffen ger\u00e4t. <br \/>Das ist in unserem Beruf nicht anders, deshalb behalte ich die aktuellen Ver\u00e4nderungen auf dem Immobilienmarkt st\u00e4ndig im Auge. Ich erweitere mein Fachwissen in Einzel- und Gruppenkursen, um meinen bestehenden und potenziellen Kunden aktuelle Informationen zu vermitteln.<\/p><p>Mein Motto basiert auf meinen Initialen: \u201eKTL\u201c, was f\u00fcr \u201eKreativ, Transparent, Loyal\u201c steht. Ich arbeite mit korrekten und ethischen Methoden &#8211; unter Ausnutzung der M\u00f6glichkeiten des Online-Marketings.<\/p>\t\t\t\t\t\t\t\t<\/div>\n\t\t\t\t<\/div>\n\t\t\t\t<div class=\"elementor-element elementor-element-156d354 elementor-icon-list--layout-inline elementor-align-center elementor-list-item-link-full_width elementor-widget elementor-widget-icon-list\" data-id=\"156d354\" data-element_type=\"widget\" data-e-type=\"widget\" data-widget_type=\"icon-list.default\">\n\t\t\t\t<div class=\"elementor-widget-container\">\n\t\t\t\t\t\t\t<ul class=\"elementor-icon-list-items elementor-inline-items\">\n\t\t\t\t\t\t\t<li class=\"elementor-icon-list-item elementor-inline-item\">\n\t\t\t\t\t\t\t\t\t\t\t<a href=\"tel:+36301110070\">\n\n\t\t\t\t\t\t\t\t\t\t\t\t<span class=\"elementor-icon-list-icon\">\n\t\t\t\t\t\t\t<svg aria-hidden=\"true\" class=\"e-font-icon-svg e-fab-whatsapp\" viewBox=\"0 0 448 512\" xmlns=\"http:\/\/www.w3.org\/2000\/svg\"><path d=\"M380.9 97.1C339 55.1 283.2 32 223.9 32c-122.4 0-222 99.6-222 222 0 39.1 10.2 77.3 29.6 111L0 480l117.7-30.9c32.4 17.7 68.9 27 106.1 27h.1c122.3 0 224.1-99.6 224.1-222 0-59.3-25.2-115-67.1-157zm-157 341.6c-33.2 0-65.7-8.9-94-25.7l-6.7-4-69.8 18.3L72 359.2l-4.4-7c-18.5-29.4-28.2-63.3-28.2-98.2 0-101.7 82.8-184.5 184.6-184.5 49.3 0 95.6 19.2 130.4 54.1 34.8 34.9 56.2 81.2 56.1 130.5 0 101.8-84.9 184.6-186.6 184.6zm101.2-138.2c-5.5-2.8-32.8-16.2-37.9-18-5.1-1.9-8.8-2.8-12.5 2.8-3.7 5.6-14.3 18-17.6 21.8-3.2 3.7-6.5 4.2-12 1.4-32.6-16.3-54-29.1-75.5-66-5.7-9.8 5.7-9.1 16.3-30.3 1.8-3.7.9-6.9-.5-9.7-1.4-2.8-12.5-30.1-17.1-41.2-4.5-10.8-9.1-9.3-12.5-9.5-3.2-.2-6.9-.2-10.6-.2-3.7 0-9.7 1.4-14.8 6.9-5.1 5.6-19.4 19-19.4 46.3 0 27.3 19.9 53.7 22.6 57.4 2.8 3.7 39.1 59.7 94.8 83.8 35.2 15.2 49 16.5 66.6 13.9 10.7-1.6 32.8-13.4 37.4-26.4 4.6-13 4.6-24.1 3.2-26.4-1.3-2.5-5-3.9-10.5-6.6z\"><\/path><\/svg>\t\t\t\t\t\t<\/span>\n\t\t\t\t\t\t\t\t\t\t<span class=\"elementor-icon-list-text\">+36 30 111 0070<\/span>\n\t\t\t\t\t\t\t\t\t\t\t<\/a>\n\t\t\t\t\t\t\t\t\t<\/li>\n\t\t\t\t\t\t\t\t<li class=\"elementor-icon-list-item elementor-inline-item\">\n\t\t\t\t\t\t\t\t\t\t\t<a href=\"https:\/\/ktl.ingatlan.hu\/de\/kontakt\/\" target=\"_blank\">\n\n\t\t\t\t\t\t\t\t\t\t\t\t<span class=\"elementor-icon-list-icon\">\n\t\t\t\t\t\t\t<svg aria-hidden=\"true\" class=\"e-font-icon-svg e-far-envelope\" viewBox=\"0 0 512 512\" xmlns=\"http:\/\/www.w3.org\/2000\/svg\"><path d=\"M464 64H48C21.49 64 0 85.49 0 112v288c0 26.51 21.49 48 48 48h416c26.51 0 48-21.49 48-48V112c0-26.51-21.49-48-48-48zm0 48v40.805c-22.422 18.259-58.168 46.651-134.587 106.49-16.841 13.247-50.201 45.072-73.413 44.701-23.208.375-56.579-31.459-73.413-44.701C106.18 199.465 70.425 171.067 48 152.805V112h416zM48 400V214.398c22.914 18.251 55.409 43.862 104.938 82.646 21.857 17.205 60.134 55.186 103.062 54.955 42.717.231 80.509-37.199 103.053-54.947 49.528-38.783 82.032-64.401 104.947-82.653V400H48z\"><\/path><\/svg>\t\t\t\t\t\t<\/span>\n\t\t\t\t\t\t\t\t\t\t<span class=\"elementor-icon-list-text\">info@ktl.ingatlan.hu<\/span>\n\t\t\t\t\t\t\t\t\t\t\t<\/a>\n\t\t\t\t\t\t\t\t\t<\/li>\n\t\t\t\t\t\t\t\t<li class=\"elementor-icon-list-item elementor-inline-item\">\n\t\t\t\t\t\t\t\t\t\t\t<a href=\"https:\/\/www.facebook.com\/ktlingatlan\" target=\"_blank\">\n\n\t\t\t\t\t\t\t\t\t\t\t\t<span class=\"elementor-icon-list-icon\">\n\t\t\t\t\t\t\t<svg aria-hidden=\"true\" class=\"e-font-icon-svg e-fab-facebook\" viewBox=\"0 0 512 512\" xmlns=\"http:\/\/www.w3.org\/2000\/svg\"><path d=\"M504 256C504 119 393 8 256 8S8 119 8 256c0 123.78 90.69 226.38 209.25 245V327.69h-63V256h63v-54.64c0-62.15 37-96.48 93.67-96.48 27.14 0 55.52 4.84 55.52 4.84v61h-31.28c-30.8 0-40.41 19.12-40.41 38.73V256h68.78l-11 71.69h-57.78V501C413.31 482.38 504 379.78 504 256z\"><\/path><\/svg>\t\t\t\t\t\t<\/span>\n\t\t\t\t\t\t\t\t\t\t<span class=\"elementor-icon-list-text\">KTL Ingatlan<\/span>\n\t\t\t\t\t\t\t\t\t\t\t<\/a>\n\t\t\t\t\t\t\t\t\t<\/li>\n\t\t\t\t\t\t\t\t<li class=\"elementor-icon-list-item elementor-inline-item\">\n\t\t\t\t\t\t\t\t\t\t\t<a href=\"https:\/\/www.instagram.com\/ktl_ingatlan\/\" target=\"_blank\">\n\n\t\t\t\t\t\t\t\t\t\t\t\t<span class=\"elementor-icon-list-icon\">\n\t\t\t\t\t\t\t<svg aria-hidden=\"true\" class=\"e-font-icon-svg e-fab-instagram\" viewBox=\"0 0 448 512\" xmlns=\"http:\/\/www.w3.org\/2000\/svg\"><path d=\"M224.1 141c-63.6 0-114.9 51.3-114.9 114.9s51.3 114.9 114.9 114.9S339 319.5 339 255.9 287.7 141 224.1 141zm0 189.6c-41.1 0-74.7-33.5-74.7-74.7s33.5-74.7 74.7-74.7 74.7 33.5 74.7 74.7-33.6 74.7-74.7 74.7zm146.4-194.3c0 14.9-12 26.8-26.8 26.8-14.9 0-26.8-12-26.8-26.8s12-26.8 26.8-26.8 26.8 12 26.8 26.8zm76.1 27.2c-1.7-35.9-9.9-67.7-36.2-93.9-26.2-26.2-58-34.4-93.9-36.2-37-2.1-147.9-2.1-184.9 0-35.8 1.7-67.6 9.9-93.9 36.1s-34.4 58-36.2 93.9c-2.1 37-2.1 147.9 0 184.9 1.7 35.9 9.9 67.7 36.2 93.9s58 34.4 93.9 36.2c37 2.1 147.9 2.1 184.9 0 35.9-1.7 67.7-9.9 93.9-36.2 26.2-26.2 34.4-58 36.2-93.9 2.1-37 2.1-147.8 0-184.8zM398.8 388c-7.8 19.6-22.9 34.7-42.6 42.6-29.5 11.7-99.5 9-132.1 9s-102.7 2.6-132.1-9c-19.6-7.8-34.7-22.9-42.6-42.6-11.7-29.5-9-99.5-9-132.1s-2.6-102.7 9-132.1c7.8-19.6 22.9-34.7 42.6-42.6 29.5-11.7 99.5-9 132.1-9s102.7-2.6 132.1 9c19.6 7.8 34.7 22.9 42.6 42.6 11.7 29.5 9 99.5 9 132.1s2.7 102.7-9 132.1z\"><\/path><\/svg>\t\t\t\t\t\t<\/span>\n\t\t\t\t\t\t\t\t\t\t<span class=\"elementor-icon-list-text\">ktl_ingatlan<\/span>\n\t\t\t\t\t\t\t\t\t\t\t<\/a>\n\t\t\t\t\t\t\t\t\t<\/li>\n\t\t\t\t\t\t<\/ul>\n\t\t\t\t\t\t<\/div>\n\t\t\t\t<\/div>\n\t\t\t\t\t<\/div>\n\t\t<\/div>\n\t\t\t\t\t<\/div>\n\t\t<\/section>\n\t\t\t\t<section class=\"elementor-section elementor-top-section elementor-element elementor-element-d4c01ee elementor-section-boxed elementor-section-height-default elementor-section-height-default\" data-id=\"d4c01ee\" data-element_type=\"section\" data-e-type=\"section\" data-settings=\"{&quot;background_background&quot;:&quot;classic&quot;}\">\n\t\t\t\t\t\t<div class=\"elementor-container elementor-column-gap-default\">\n\t\t\t\t\t<div class=\"elementor-column elementor-col-100 elementor-top-column elementor-element elementor-element-98c07ae\" data-id=\"98c07ae\" data-element_type=\"column\" data-e-type=\"column\" data-settings=\"{&quot;background_background&quot;:&quot;classic&quot;}\">\n\t\t\t<div class=\"elementor-widget-wrap elementor-element-populated\">\n\t\t\t\t\t\t<div class=\"elementor-element elementor-element-1937aaa elementor-widget elementor-widget-spacer\" data-id=\"1937aaa\" data-element_type=\"widget\" data-e-type=\"widget\" data-widget_type=\"spacer.default\">\n\t\t\t\t<div class=\"elementor-widget-container\">\n\t\t\t\t\t\t\t<div class=\"elementor-spacer\">\n\t\t\t<div class=\"elementor-spacer-inner\"><\/div>\n\t\t<\/div>\n\t\t\t\t\t\t<\/div>\n\t\t\t\t<\/div>\n\t\t\t\t\t<\/div>\n\t\t<\/div>\n\t\t\t\t\t<\/div>\n\t\t<\/section>\n\t\t<div class=\"elementor-element elementor-element-32de6b0 e-flex e-con-boxed e-con e-parent\" data-id=\"32de6b0\" data-element_type=\"container\" data-e-type=\"container\" data-settings=\"{&quot;background_background&quot;:&quot;classic&quot;}\">\n\t\t\t\t\t<div class=\"e-con-inner\">\n\t\t<div class=\"elementor-element elementor-element-20d66a2 e-con-full e-flex e-con e-child\" data-id=\"20d66a2\" data-element_type=\"container\" data-e-type=\"container\">\n\t\t\t\t<div class=\"elementor-element elementor-element-53ac348 elementor-align-center elementor-widget__width-initial elementor-widget elementor-widget-button\" data-id=\"53ac348\" data-element_type=\"widget\" data-e-type=\"widget\" data-widget_type=\"button.default\">\n\t\t\t\t<div class=\"elementor-widget-container\">\n\t\t\t\t\t\t\t\t\t<div class=\"elementor-button-wrapper\">\n\t\t\t\t\t<a class=\"elementor-button elementor-button-link elementor-size-sm\" href=\"https:\/\/ktl.ingatlan.hu\/de\/datenschutz\/\">\n\t\t\t\t\t\t<span class=\"elementor-button-content-wrapper\">\n\t\t\t\t\t\t\t\t\t<span class=\"elementor-button-text\">Hinweis zum Datenschutz<\/span>\n\t\t\t\t\t<\/span>\n\t\t\t\t\t<\/a>\n\t\t\t\t<\/div>\n\t\t\t\t\t\t\t\t<\/div>\n\t\t\t\t<\/div>\n\t\t\t\t<\/div>\n\t\t<div class=\"elementor-element elementor-element-96fe1bc e-con-full e-flex e-con e-child\" data-id=\"96fe1bc\" data-element_type=\"container\" data-e-type=\"container\">\n\t\t\t\t<div class=\"elementor-element elementor-element-33907fe elementor-align-center elementor-widget__width-initial elementor-widget elementor-widget-button\" data-id=\"33907fe\" data-element_type=\"widget\" data-e-type=\"widget\" data-widget_type=\"button.default\">\n\t\t\t\t<div class=\"elementor-widget-container\">\n\t\t\t\t\t\t\t\t\t<div class=\"elementor-button-wrapper\">\n\t\t\t\t\t<a class=\"elementor-button elementor-button-link elementor-size-sm\" href=\"https:\/\/ktl.ingatlan.hu\/de\/impressum\/\">\n\t\t\t\t\t\t<span class=\"elementor-button-content-wrapper\">\n\t\t\t\t\t\t\t\t\t<span class=\"elementor-button-text\">Impressum<\/span>\n\t\t\t\t\t<\/span>\n\t\t\t\t\t<\/a>\n\t\t\t\t<\/div>\n\t\t\t\t\t\t\t\t<\/div>\n\t\t\t\t<\/div>\n\t\t\t\t<\/div>\n\t\t\t\t\t<\/div>\n\t\t\t\t<\/div>\n\t\t\t\t<\/div>\n\t\t","protected":false},"excerpt":{"rendered":"<p>Sehr geehrte bestehende Kundinnen\/Kunden und Interessenten, Ich bin L\u00e1szl\u00f3 Tam\u00e1s Kiss, der Gr\u00fcnder von KTL Real Estate. Ich arbeite als Immobilienmakler im Komitat Csongr\u00e1d-Csan\u00e1d und in Budapest, aber nach individueller Absprache \u00fcbernehme ich den professionellen Verkauf von Immobilien auch an anderen Orten. Ich habe meine Karriere im Jahr 2021 begonnen. In der Anfangszeit habe ich [&hellip;]<\/p>\n","protected":false},"author":1,"featured_media":0,"parent":0,"menu_order":0,"comment_status":"closed","ping_status":"closed","template":"elementor_header_footer","meta":{"footnotes":""},"class_list":["post-20511","page","type-page","status-publish","hentry"],"_links":{"self":[{"href":"https:\/\/ktl.ingatlan.hu\/de\/wp-json\/wp\/v2\/pages\/20511","targetHints":{"allow":["GET"]}}],"collection":[{"href":"https:\/\/ktl.ingatlan.hu\/de\/wp-json\/wp\/v2\/pages"}],"about":[{"href":"https:\/\/ktl.ingatlan.hu\/de\/wp-json\/wp\/v2\/types\/page"}],"author":[{"embeddable":true,"href":"https:\/\/ktl.ingatlan.hu\/de\/wp-json\/wp\/v2\/users\/1"}],"replies":[{"embeddable":true,"href":"https:\/\/ktl.ingatlan.hu\/de\/wp-json\/wp\/v2\/comments?post=20511"}],"version-history":[{"count":6,"href":"https:\/\/ktl.ingatlan.hu\/de\/wp-json\/wp\/v2\/pages\/20511\/revisions"}],"predecessor-version":[{"id":21472,"href":"https:\/\/ktl.ingatlan.hu\/de\/wp-json\/wp\/v2\/pages\/20511\/revisions\/21472"}],"wp:attachment":[{"href":"https:\/\/ktl.ingatlan.hu\/de\/wp-json\/wp\/v2\/media?parent=20511"}],"curies":[{"name":"wp","href":"https:\/\/api.w.org\/{rel}","templated":true}]}}