{"id":20441,"date":"2024-08-02T10:30:54","date_gmt":"2024-08-02T08:30:54","guid":{"rendered":"https:\/\/ktl.ingatlan.hu\/impressum\/"},"modified":"2024-10-10T22:53:49","modified_gmt":"2024-10-10T20:53:49","slug":"impressum","status":"publish","type":"page","link":"https:\/\/ktl.ingatlan.hu\/de\/impressum\/","title":{"rendered":"Impressum"},"content":{"rendered":"\t\t<div data-elementor-type=\"wp-page\" data-elementor-id=\"20441\" class=\"elementor elementor-20441 elementor-18344\" data-elementor-post-type=\"page\">\n\t\t\t\t\t\t<section class=\"elementor-section elementor-top-section elementor-element elementor-element-8dc29e9 elementor-section-content-middle elementor-section-stretched elementor-section-full_width elementor-section-height-default elementor-section-height-default\" data-id=\"8dc29e9\" data-element_type=\"section\" data-e-type=\"section\" data-settings=\"{&quot;stretch_section&quot;:&quot;section-stretched&quot;,&quot;background_background&quot;:&quot;classic&quot;}\">\n\t\t\t\t\t\t<div class=\"elementor-container elementor-column-gap-wider\">\n\t\t\t\t\t<div class=\"elementor-column elementor-col-100 elementor-top-column elementor-element elementor-element-bb311d1\" data-id=\"bb311d1\" data-element_type=\"column\" data-e-type=\"column\" data-settings=\"{&quot;background_background&quot;:&quot;classic&quot;}\">\n\t\t\t<div class=\"elementor-widget-wrap elementor-element-populated\">\n\t\t\t\t\t\t<div class=\"elementor-element elementor-element-253d8e2 elementor-widget elementor-widget-houzez_elementor_section_title\" data-id=\"253d8e2\" data-element_type=\"widget\" data-e-type=\"widget\" data-widget_type=\"houzez_elementor_section_title.default\">\n\t\t\t\t<div class=\"elementor-widget-container\">\n\t\t\t\t\t            <div class=\"houzez_section_title_wrap section-title-module\">\n                                    <h2 class=\"houzez_section_title\">KTL Ingatlan<\/h2>\n                \n                                    <p class=\"houzez_section_subtitle\">Impresszum<\/p>\n                            <\/div>\n            \t\t\t\t<\/div>\n\t\t\t\t<\/div>\n\t\t\t\t\t<\/div>\n\t\t<\/div>\n\t\t\t\t\t<\/div>\n\t\t<\/section>\n\t\t\t\t<section class=\"elementor-section elementor-top-section elementor-element elementor-element-5970384 elementor-section-content-middle elementor-section-full_width elementor-section-height-default elementor-section-height-default\" data-id=\"5970384\" data-element_type=\"section\" data-e-type=\"section\" data-settings=\"{&quot;background_background&quot;:&quot;classic&quot;}\">\n\t\t\t\t\t\t\t<div class=\"elementor-background-overlay\"><\/div>\n\t\t\t\t\t\t\t<div class=\"elementor-container elementor-column-gap-wide\">\n\t\t\t\t\t<div class=\"elementor-column elementor-col-100 elementor-top-column elementor-element elementor-element-90b842a\" data-id=\"90b842a\" data-element_type=\"column\" data-e-type=\"column\" data-settings=\"{&quot;background_background&quot;:&quot;classic&quot;}\">\n\t\t\t<div class=\"elementor-widget-wrap elementor-element-populated\">\n\t\t\t\t\t\t<div class=\"elementor-element elementor-element-0299eb9 elementor-widget elementor-widget-houzez_elementor_space\" data-id=\"0299eb9\" data-element_type=\"widget\" data-e-type=\"widget\" data-widget_type=\"houzez_elementor_space.default\">\n\t\t\t\t<div class=\"elementor-widget-container\">\n\t\t\t\t\t        <div class=\"houzez-spacer\">\n            <div class=\"houzez-spacer-inner\"><\/div>\n        <\/div>\n        \t\t\t\t<\/div>\n\t\t\t\t<\/div>\n\t\t\t\t\t<\/div>\n\t\t<\/div>\n\t\t\t\t\t<\/div>\n\t\t<\/section>\n\t\t\t\t<section class=\"elementor-section elementor-top-section elementor-element elementor-element-89513d1 elementor-section-content-middle elementor-section-full_width elementor-section-height-default elementor-section-height-default\" data-id=\"89513d1\" data-element_type=\"section\" data-e-type=\"section\" data-settings=\"{&quot;background_background&quot;:&quot;classic&quot;}\">\n\t\t\t\t\t\t\t<div class=\"elementor-background-overlay\"><\/div>\n\t\t\t\t\t\t\t<div class=\"elementor-container elementor-column-gap-wide\">\n\t\t\t\t\t<div class=\"elementor-column elementor-col-100 elementor-top-column elementor-element elementor-element-0659406\" data-id=\"0659406\" data-element_type=\"column\" data-e-type=\"column\" data-settings=\"{&quot;background_background&quot;:&quot;classic&quot;}\">\n\t\t\t<div class=\"elementor-widget-wrap elementor-element-populated\">\n\t\t\t\t\t\t<div class=\"elementor-element elementor-element-0b61cf0 elementor-widget elementor-widget-houzez_elementor_space\" data-id=\"0b61cf0\" data-element_type=\"widget\" data-e-type=\"widget\" data-widget_type=\"houzez_elementor_space.default\">\n\t\t\t\t<div class=\"elementor-widget-container\">\n\t\t\t\t\t        <div class=\"houzez-spacer\">\n            <div class=\"houzez-spacer-inner\"><\/div>\n        <\/div>\n        \t\t\t\t<\/div>\n\t\t\t\t<\/div>\n\t\t\t\t\t<\/div>\n\t\t<\/div>\n\t\t\t\t\t<\/div>\n\t\t<\/section>\n\t\t<div class=\"elementor-element elementor-element-d401324 e-flex e-con-boxed e-con e-parent\" data-id=\"d401324\" data-element_type=\"container\" data-e-type=\"container\" data-settings=\"{&quot;background_background&quot;:&quot;classic&quot;}\">\n\t\t\t\t\t<div class=\"e-con-inner\">\n\t\t\t\t<div class=\"elementor-element elementor-element-ce4b5c3 elementor-widget elementor-widget-heading\" data-id=\"ce4b5c3\" data-element_type=\"widget\" data-e-type=\"widget\" data-widget_type=\"heading.default\">\n\t\t\t\t<div class=\"elementor-widget-container\">\n\t\t\t\t\t<h2 class=\"elementor-heading-title elementor-size-default\">Die Kontaktdaten des Eigent\u00fcmers und Betreibers der Website<\/h2>\t\t\t\t<\/div>\n\t\t\t\t<\/div>\n\t\t\t\t<div class=\"elementor-element elementor-element-12d788d elementor-widget elementor-widget-text-editor\" data-id=\"12d788d\" data-element_type=\"widget\" data-e-type=\"widget\" data-widget_type=\"text-editor.default\">\n\t\t\t\t<div class=\"elementor-widget-container\">\n\t\t\t\t\t\t\t\t\t<ul><li><strong>Name:<\/strong> Kiss Tam\u00e1s L\u00e1szl\u00f3 Einzelunternehmer<\/li><li><strong>Sitz:<\/strong> 6726 Szeged, Petri G\u00e1bor Stra\u00dfe 37, 1. T\u00fcr Einzelunternehmer<\/li><li><strong>Registrierungsnummer:<\/strong> 702822\/2022<\/li><li><strong>Steuernummer:<\/strong> 72278541-1-51<\/li><li><strong>Telefon:<\/strong> +36 30 111 0070<\/li><li><strong>E-Mail:<\/strong> <a rel=\"noopener\">info@ktl.ingatlan.hu<\/a><\/li><\/ul><p><strong>Alle Rechte vorbehalten 2024.<\/strong><\/p>\t\t\t\t\t\t\t\t<\/div>\n\t\t\t\t<\/div>\n\t\t\t\t\t<\/div>\n\t\t\t\t<\/div>\n\t\t<div class=\"elementor-element elementor-element-33c72eb e-flex e-con-boxed e-con e-parent\" data-id=\"33c72eb\" data-element_type=\"container\" data-e-type=\"container\" data-settings=\"{&quot;background_background&quot;:&quot;classic&quot;}\">\n\t\t\t\t\t<div class=\"e-con-inner\">\n\t\t\t\t<div class=\"elementor-element elementor-element-d3921c0 elementor-widget elementor-widget-heading\" data-id=\"d3921c0\" data-element_type=\"widget\" data-e-type=\"widget\" data-widget_type=\"heading.default\">\n\t\t\t\t<div class=\"elementor-widget-container\">\n\t\t\t\t\t<h2 class=\"elementor-heading-title elementor-size-default\">Die Kontaktdaten des Hosting-Anbieters der Website\n<\/h2>\t\t\t\t<\/div>\n\t\t\t\t<\/div>\n\t\t\t\t<div class=\"elementor-element elementor-element-a8cfd9b elementor-widget elementor-widget-text-editor\" data-id=\"a8cfd9b\" data-element_type=\"widget\" data-e-type=\"widget\" data-widget_type=\"text-editor.default\">\n\t\t\t\t<div class=\"elementor-widget-container\">\n\t\t\t\t\t\t\t\t\t<ul><li><strong>Der Betreiber der Website:<\/strong> Seres Lajos <strong>Einzelunternehmer<\/strong><\/li><li><strong>Vom NAV offiziell eingetragener Fantasiename:<\/strong> online-it.hu<\/li><li><strong>Registrierungsnummer:<\/strong> 53010443<\/li><li><strong>Steuernummer:<\/strong> 69318379-1-24<\/li><li><strong>Sitz:<\/strong> 5600 B\u00e9k\u00e9scsaba, Derkovits Stra\u00dfe 15, 2. 6.<\/li><li><strong>Kontaktdaten:<\/strong> +36 20 356-3030, <a rel=\"noopener\">seres@online-it.hu<\/a><\/li><li><strong>Registrierungsnummer der Handels- und Industrie\u00adkammer B\u00e9k\u00e9s:<\/strong> BE69318379<\/li><li><strong>Hosting-Anbieter:<\/strong> Eigener Webserver<\/li><\/ul>\t\t\t\t\t\t\t\t<\/div>\n\t\t\t\t<\/div>\n\t\t\t\t\t<\/div>\n\t\t\t\t<\/div>\n\t\t\t\t<section class=\"elementor-section elementor-top-section elementor-element elementor-element-d5e25f9 elementor-section-content-middle elementor-section-full_width elementor-section-height-default elementor-section-height-default\" data-id=\"d5e25f9\" data-element_type=\"section\" data-e-type=\"section\" data-settings=\"{&quot;background_background&quot;:&quot;classic&quot;}\">\n\t\t\t\t\t\t\t<div class=\"elementor-background-overlay\"><\/div>\n\t\t\t\t\t\t\t<div class=\"elementor-container elementor-column-gap-wide\">\n\t\t\t\t\t<div class=\"elementor-column elementor-col-100 elementor-top-column elementor-element elementor-element-2cc2371\" data-id=\"2cc2371\" data-element_type=\"column\" data-e-type=\"column\" data-settings=\"{&quot;background_background&quot;:&quot;classic&quot;}\">\n\t\t\t<div class=\"elementor-widget-wrap elementor-element-populated\">\n\t\t\t\t\t\t<div class=\"elementor-element elementor-element-b8ea048 elementor-widget elementor-widget-houzez_elementor_space\" data-id=\"b8ea048\" data-element_type=\"widget\" data-e-type=\"widget\" data-widget_type=\"houzez_elementor_space.default\">\n\t\t\t\t<div class=\"elementor-widget-container\">\n\t\t\t\t\t        <div class=\"houzez-spacer\">\n            <div class=\"houzez-spacer-inner\"><\/div>\n        <\/div>\n        \t\t\t\t<\/div>\n\t\t\t\t<\/div>\n\t\t\t\t\t<\/div>\n\t\t<\/div>\n\t\t\t\t\t<\/div>\n\t\t<\/section>\n\t\t\t\t<\/div>\n\t\t","protected":false},"excerpt":{"rendered":"<p>KTL Ingatlan Impresszum Die Kontaktdaten des Eigent\u00fcmers und Betreibers der Website Name: Kiss Tam\u00e1s L\u00e1szl\u00f3 Einzelunternehmer Sitz: 6726 Szeged, Petri G\u00e1bor Stra\u00dfe 37, 1. T\u00fcr Einzelunternehmer Registrierungsnummer: 702822\/2022 Steuernummer: 72278541-1-51 Telefon: +36 30 111 0070 E-Mail: info@ktl.ingatlan.hu Alle Rechte vorbehalten 2024. Die Kontaktdaten des Hosting-Anbieters der Website Der Betreiber der Website: Seres Lajos Einzelunternehmer Vom [&hellip;]<\/p>\n","protected":false},"author":1,"featured_media":0,"parent":0,"menu_order":0,"comment_status":"closed","ping_status":"closed","template":"elementor_header_footer","meta":{"footnotes":""},"class_list":["post-20441","page","type-page","status-publish","hentry"],"_links":{"self":[{"href":"https:\/\/ktl.ingatlan.hu\/de\/wp-json\/wp\/v2\/pages\/20441","targetHints":{"allow":["GET"]}}],"collection":[{"href":"https:\/\/ktl.ingatlan.hu\/de\/wp-json\/wp\/v2\/pages"}],"about":[{"href":"https:\/\/ktl.ingatlan.hu\/de\/wp-json\/wp\/v2\/types\/page"}],"author":[{"embeddable":true,"href":"https:\/\/ktl.ingatlan.hu\/de\/wp-json\/wp\/v2\/users\/1"}],"replies":[{"embeddable":true,"href":"https:\/\/ktl.ingatlan.hu\/de\/wp-json\/wp\/v2\/comments?post=20441"}],"version-history":[{"count":4,"href":"https:\/\/ktl.ingatlan.hu\/de\/wp-json\/wp\/v2\/pages\/20441\/revisions"}],"predecessor-version":[{"id":20812,"href":"https:\/\/ktl.ingatlan.hu\/de\/wp-json\/wp\/v2\/pages\/20441\/revisions\/20812"}],"wp:attachment":[{"href":"https:\/\/ktl.ingatlan.hu\/de\/wp-json\/wp\/v2\/media?parent=20441"}],"curies":[{"name":"wp","href":"https:\/\/api.w.org\/{rel}","templated":true}]}}